{"id":2149,"date":"2023-03-23T00:21:57","date_gmt":"2023-03-22T22:21:57","guid":{"rendered":"https:\/\/www.milanayoga.com\/apie\/"},"modified":"2023-08-24T16:34:52","modified_gmt":"2023-08-24T13:34:52","slug":"about","status":"publish","type":"page","link":"https:\/\/www.milanayoga.com\/en\/about\/","title":{"rendered":"About"},"content":{"rendered":"<h1 style=\"text-align: center;\">Geresn\u0119 kasdien\u0105puosel\u0117janti erdv\u0117<\/h1>\n<p><span style=\"\"><img decoding=\"async\" alt=\"\" data-id=\"226\" title=\"Vector\" src=\"https:\/\/www.milanayoga.com\/wp\/wp-content\/uploads\/2023\/03\/Vector.svg\" data-width=\"233\" style=\"\" data-init-width=\"350\" mt-m=\"0\" ml-m=\"0\" loading=\"lazy\" width=\"233\"><\/span><span style=\"\"><img decoding=\"async\" alt=\"\" data-id=\"272\" data-init-width=\"1076\" data-init-height=\"920\" title=\"image-19\" src=\"https:\/\/www.milanayoga.com\/wp\/wp-content\/uploads\/2023\/03\/image-19-1.png\" data-width=\"618\" style=\"\" ml-d=\"0\" center-h-d=\"false\" mt-d=\"0\" loading=\"lazy\" width=\"618\" height=\"920\"><\/span><\/p>\n<h1 style=\"line-height: 0.8em !important;\">Saugu puosel\u0117ti save<\/h1>\n<p style=\"\">Milana Yoga \u2013 saugi erdv\u0117, puosel\u0117janti vidin\u0119 pusiausvyr\u0105, sveik\u0105 k\u016bn\u0105, emocin\u012f s\u0105moningum\u0105 ir tiesiog geresn\u0119 kasdien\u0105.Milana Yoga \u2013 tai gyvenimo b\u016bdas, kuriame Tu randi laiko savo k\u016bnui, protui ir sielai puosel\u0117ti.Pl\u0117tra, vidin\u0117 taika, pasim\u0117gavimas, sav\u0119s puosel\u0117jimas, \u0161irdingumas ir tikrumas \u2013 b\u016bsenos, kurios patiriamos Tavo gerovei sukurtoje erdv\u0117je.<\/p>\n<h2 style=\"text-align: left;\"><em>De\u0161imtme\u010dio<\/em><span style=\"font-size: 62px;\"> <\/span><span style=\"font-size: 11px;\">&nbsp; <\/span>patirtis<\/h2>\n<p style=\"\">Milana Yoga \u2013 sukurta i\u0161 daugiau nei de\u0161imtmet\u012f praeito asmeninio praktinio kelio, kuriame kiekviena detal\u0117 formavosi d\u0117ka skirting\u0173 praktik\u0173, jogos ir dvasinio intelekto ugdymo at\u0161ak\u0173 bei stipriausi\u0173, pasaulin\u0117s plotm\u0117s specialist\u0173. Studija yra Yoga Alliance organizacijos sertifikuota RYS200 nar\u0117, patenkinanti net giliai nusiteikusio studijuoti jog\u0105, poreikius, dukart metuose organizuodama Tarptautinius Jogos mokytoj\u0173 kursus.<\/p>\n<p style=\"\">Sertifikuota RYS200<\/p>\n<p><span><img decoding=\"async\" alt=\"\" data-id=\"257\" data-init-width=\"322\" data-init-height=\"155\" title=\"Group-1031\" src=\"https:\/\/www.milanayoga.com\/wp\/wp-content\/uploads\/2023\/03\/Group-1031.png\" data-width=\"154\" style=\"\" loading=\"lazy\" width=\"154\" height=\"155\"><\/span><span style=\"\"><img decoding=\"async\" alt=\"\" data-id=\"271\" data-init-width=\"1270\" data-init-height=\"920\" title=\"image-14\" src=\"https:\/\/www.milanayoga.com\/wp\/wp-content\/uploads\/2023\/03\/image-14.png\" data-width=\"630\" style=\"\" ml-d=\"0\" center-h-d=\"false\" mt-d=\"0\" loading=\"lazy\" width=\"630\" height=\"920\"><\/span><\/p>\n<h2 style=\"text-align: left;\">Mums <em>r\u016bpi<\/em><\/h2>\n<p style=\"font-size: 26px !important;\">lygyb\u0117, gerumas sau ir kitiems, k\u016bno sveikata, emocinis ir dvasinis intelektas, ir viskas, kas padeda mums b\u016bti geresniais ir laimingesniais \u017emon\u0117mis.<\/p>\n<p style=\"font-size: 16px !important;\">Mes praktikuojame tai, k\u0105 mokiname. Mes t\u0119siame jogos studijas ir augame kaip mokytojai. Kiekvienam studijos mokytojui joga yra gyvenimas.<\/p>\n<p><span><img decoding=\"async\" alt=\"\" data-id=\"225\" title=\"Union\" src=\"https:\/\/www.milanayoga.com\/wp\/wp-content\/uploads\/2023\/03\/Union.svg\" data-width=\"198\" style=\"\" data-init-width=\"220\" loading=\"lazy\" width=\"198\"><\/span><span><img decoding=\"async\" alt=\"\" data-id=\"163\" title=\"Group-1090\" src=\"https:\/\/www.milanayoga.com\/wp\/wp-content\/uploads\/2023\/03\/Group-1090.svg\" data-width=\"377\" data-init-width=\"377\" style=\"\" loading=\"lazy\" width=\"377\"><\/span><span style=\"\"><img decoding=\"async\" alt=\"\" data-id=\"280\" data-init-width=\"1076\" data-init-height=\"920\" title=\"image-73\" src=\"https:\/\/www.milanayoga.com\/wp\/wp-content\/uploads\/2023\/03\/image-73-1.png\" data-width=\"625\" style=\"\" ml-d=\"0\" center-h-d=\"false\" mt-d=\"0\" loading=\"lazy\" width=\"625\" height=\"920\"><\/span><\/p>\n<h1 style=\"\">\u012ek\u016br\u0117ja<\/h1>\n<p><em><\/em><\/p>\n<p style=\"font-size: 20px !important;\"><em><span style=\"\">Milana Ja\u0161inskyt\u0117 \u2013 Milana Yoga<\/span><\/em><span style=\"\"><\/span><em><span style=\"\">studijos \u012fk\u016br\u0117ja ir dvasinio intelekto kou\u010der\u0117.<\/span><\/em><\/p>\n<p style=\"\">Per jogos praktik\u0105 a\u0161 ne tik susigr\u0105\u017einau tai, ko nor\u0117jau, bet ir nesitik\u0117dama sulaukiau visokiariop\u0173 stebukl\u0173 \u2013 mano k\u016bnas tapo sveikesniu nei bet kada anks\u010diau.<\/p>\n<p style=\"\">2015 metais Kalifornijoje tapau jogos mokytoja, prad\u0117jau aktyviai dalintis \u017einiomis bei sertifikuoti jogos mokytojus Lietuvoje pagal tarptautin\u0119 Yoga Alliance program\u0105.<\/p>\n<p style=\"\">Mano mokytojai: Mark Stephens, Shiva Rea, Elena Brower, Alan Wallace, Ala Tamulien\u0117, Suzzane Scurlock.<\/p>\n<p style=\"font-size: 16px !important;\">Milana Yoga studija yra Yoga Alliance organizacijos sertifikuota RYS200 nar\u0117, o kiekvienas studijos mokytojas \u2013 pasaulin\u0117s organizacijos akredituotas mokytojas. Be jogos filosofijos, klas\u0117se integruojamos emocinio intelekto, neuro mokslo, psichologijos, dvasinio intelekto \u017einios.<\/p>\n","protected":false},"excerpt":{"rendered":"<p>Geresn\u0119 kasdien\u0105puosel\u0117janti erdv\u0117 Saugu puosel\u0117ti save Milana Yoga \u2013 saugi erdv\u0117, puosel\u0117janti vidin\u0119 pusiausvyr\u0105, sveik\u0105 k\u016bn\u0105, emocin\u012f s\u0105moningum\u0105 ir tiesiog geresn\u0119 kasdien\u0105.Milana Yoga \u2013 tai gyvenimo b\u016bdas, kuriame Tu randi laiko savo k\u016bnui, protui ir sielai puosel\u0117ti.Pl\u0117tra, vidin\u0117 taika, pasim\u0117gavimas, sav\u0119s puosel\u0117jimas, \u0161irdingumas ir tikrumas \u2013 b\u016bsenos, kurios patiriamos Tavo gerovei sukurtoje erdv\u0117je. De\u0161imtme\u010dio &nbsp; [&hellip;]<\/p>\n","protected":false},"author":5,"featured_media":0,"parent":0,"menu_order":3,"comment_status":"closed","ping_status":"closed","template":"","meta":{"_acf_changed":false,"footnotes":""},"class_list":["post-2149","page","type-page","status-publish","hentry","post-wrapper","thrv_wrapper"],"acf":[],"aioseo_notices":[],"_links":{"self":[{"href":"https:\/\/www.milanayoga.com\/en\/wp-json\/wp\/v2\/pages\/2149","targetHints":{"allow":["GET"]}}],"collection":[{"href":"https:\/\/www.milanayoga.com\/en\/wp-json\/wp\/v2\/pages"}],"about":[{"href":"https:\/\/www.milanayoga.com\/en\/wp-json\/wp\/v2\/types\/page"}],"author":[{"embeddable":true,"href":"https:\/\/www.milanayoga.com\/en\/wp-json\/wp\/v2\/users\/5"}],"replies":[{"embeddable":true,"href":"https:\/\/www.milanayoga.com\/en\/wp-json\/wp\/v2\/comments?post=2149"}],"version-history":[{"count":0,"href":"https:\/\/www.milanayoga.com\/en\/wp-json\/wp\/v2\/pages\/2149\/revisions"}],"wp:attachment":[{"href":"https:\/\/www.milanayoga.com\/en\/wp-json\/wp\/v2\/media?parent=2149"}],"curies":[{"name":"wp","href":"https:\/\/api.w.org\/{rel}","templated":true}]}}