{"id":2142,"date":"2023-03-21T13:01:45","date_gmt":"2023-03-21T11:01:45","guid":{"rendered":"https:\/\/www.milanayoga.com\/index\/"},"modified":"2023-08-24T15:49:43","modified_gmt":"2023-08-24T12:49:43","slug":"index","status":"publish","type":"page","link":"https:\/\/www.milanayoga.com\/en\/","title":{"rendered":"Pirmas Puslapis"},"content":{"rendered":"<\/p>\n<h1 style=\"\">\u200bNurturing space for a better daily living<\/h1>\n<p><span style=\"\"><img decoding=\"async\" alt=\"\" data-id=\"273\" data-init-width=\"838\" data-init-height=\"1100\" title=\"image-20\" src=\"\/\/www.milanayoga.com\/wp\/wp-content\/uploads\/2023\/03\/image-20.png\" data-width=\"440\" style=\"aspect-ratio: auto 838 \/ 1100;\" ml-d=\"0\" center-h-d=\"false\" mt-d=\"0\" mt-m=\"-3.9669999999999845\" ml-m=\"0\" width=\"440\" height=\"1100\" loading=\"lazy\"><\/span><\/p>\n<h1 style=\"letter-spacing: 4px;\">Milana Yoga<\/h1>\n<p style=\"line-height: 1em !important;\">\u200bCertified YogaSchool<\/p>\n<p><span><img decoding=\"async\" alt=\"\" data-id=\"257\" data-init-width=\"322\" data-init-height=\"155\" title=\"Group-1031\" src=\"https:\/\/www.milanayoga.com\/wp\/wp-content\/uploads\/2023\/03\/Group-1031.png\" data-width=\"160\" style=\"aspect-ratio: auto 322 \/ 155;\" width=\"160\" height=\"155\" loading=\"lazy\"><\/span><\/p>\n<p style=\"font-size: 14px !important; line-height: 1.5em !important;\">\u200bMilana Yoga is a safe and inclusive space that elevates harmony, healthy body, emotional awareness and simply, a better daily living.<\/p>\n<p style=\"font-size: 14px !important;\">\u200bMilana Yoga is a lifestyle that will inspire you to practice taking time for yourself in the most nurturing way through the care of the body, mind and soul. Expansion, inner peace, joy, self-nurture, heartfulness and authenticity &#8211; these are the inner states being practiced in the space created for your well-being.<\/p>\n<p style=\"\">\u200bMilana Yoga has been created as an offering of Milana&#8217;s decade-long personal practice and studies under a variety of lineages and teachers of yoga and the world renowned contemplatives.<\/p>\n<h2 style=\"text-align: center;\">\u200bJoin the unique experiences<\/h2>\n<p>[tcb-script src=&#8221;https:\/\/widgets.mindbodyonline.com\/javascripts\/healcode.js&#8221; type=&#8221;text\/javascript&#8221;][\/tcb-script]<\/p>\n<h2 style=\"text-align: left;\">\u200bPractices<\/h2>\n<p><a href=\"#\" style=\"\"><span style=\"\"><span style=\"\">Vinyasa Flow Yoga<\/span><\/span><\/a><a href=\"#\" style=\"\"><span style=\"\"><span style=\"\">Prana Flow Vinyasa Yoga<\/span><\/span><\/a><a href=\"#\" style=\"\"><span style=\"\"><span style=\"\">Power Flow Yoga<\/span><\/span><\/a><a href=\"#\" style=\"\"><span style=\"\"><span style=\"\">Vinyasa Ritual Yoga<\/span><\/span><\/a><a href=\"#\" style=\"\"><span style=\"\"><span style=\"\">Restorative Yoga (+Nidra)<\/span><\/span><\/a><a href=\"#\" style=\"\"><span style=\"\"><span style=\"\">Barre method<\/span><\/span><\/a><a href=\"#\" style=\"\"><span style=\"\"><span style=\"\">Noon Vinyasa Flow Yoga<\/span><\/span><\/a><span><img decoding=\"async\" alt=\"\" data-id=\"227\" data-init-width=\"750\" data-init-height=\"900\" title=\"viyasa-flow\" src=\"\/\/www.milanayoga.com\/wp\/wp-content\/uploads\/2023\/03\/viyasa-flow.png\" data-width=\"381\" style=\"aspect-ratio: auto 750 \/ 900;\" width=\"381\" height=\"900\" loading=\"lazy\"><\/span><\/p>\n<p style=\"font-size: 15px !important;\">\u200bWhat does Vinyasa Flow mean?<\/p>\n<p style=\"font-size: 15px !important;\">\u200bThe term Vinyasa comes from the Sanskrit word nyasa, meaning &#8220;to place,&#8221; and the prefix vi, meaning &#8220;in a special way.&#8221; Meanwhile, the meaning of the English word flow describes a continious movement in practice through poses that are connected to each other. The practice itself has a specific theme or aim, taking into account the time of year, the rhythm of the day, the cultivation of the desired state, the training of a physical aspect such as &#8220;hip openings&#8221;, etc.<\/p>\n<p><span><img decoding=\"async\" alt=\"\" data-id=\"221\" data-init-width=\"2415\" data-init-height=\"2560\" title=\"Prana_Flow_Milana_Jasinskyte\" src=\"https:\/\/www.milanayoga.com\/wp\/wp-content\/uploads\/2023\/03\/Prana_Flow_Milana_Jasinskyte-scaled.jpeg\" data-width=\"381\" style=\"aspect-ratio: auto 2415 \/ 2560;\" width=\"381\" height=\"2560\" loading=\"lazy\"><\/span><\/p>\n<p style=\"\">Prana Flow Vinyasa Yoga\u200bPrana flow yoga is a liberating, evolutionary, rhythmic type of flow yoga that synchronizes the movement with breathing in a special connection. In terms of asanas\/poses, it is similar to Vinyasa Flow yoga, which has already become casual, yet in Prana flow yoga, energetic effects are expressed through the body, as the practices focus on specific breathing in asanas and body pulsation, unique only to Prana.<\/p>\n<p><span><img decoding=\"async\" alt=\"\" data-id=\"219\" data-init-width=\"750\" data-init-height=\"900\" title=\"power\" src=\"https:\/\/www.milanayoga.com\/wp\/wp-content\/uploads\/2023\/03\/power.png\" data-width=\"381\" style=\"aspect-ratio: auto 750 \/ 900;\" width=\"381\" height=\"900\" loading=\"lazy\"><\/span><\/p>\n<p style=\"\">Power Flow Yoga\u200bThe meaning of the English word power is &#8220;force&#8221;, so the name itself indicates that in practice you should expect movements and poses that develop body strength and endurance. Initially, this type of yoga was cultivated by athletes who sought to maintain good physical shape and strong health, but in the long run it was adapted and extremely popular among young and middle-aged people of the general public, who are looking for an energetic and far from boring practice.<\/p>\n<p><span><img decoding=\"async\" alt=\"\" data-id=\"224\" data-init-width=\"750\" data-init-height=\"900\" title=\"ritual\" src=\"https:\/\/www.milanayoga.com\/wp\/wp-content\/uploads\/2023\/03\/ritual.png\" data-width=\"381\" style=\"aspect-ratio: auto 750 \/ 900;\" width=\"381\" height=\"900\" loading=\"lazy\"><\/span><\/p>\n<p style=\"\">Vinyasa Ritual Yoga\u200bThursday night is slow, relaxed, musical and a REAL date with Yourself. For those in search of nurturing, safe and enjoyable space. Practice guided by Mindaugas will gently move the body, warm it up and allow tired muscles and joints to relax. This practice combines yogic breathing, yoga sequence that relieves physical fatigue, and Shavasana, which provides complete relaxation. The importantance of smelling scents, allowing the music to lead you and have the desire to &#8230;. let go. Mindaugas: &#8220;The lightness and wonderful sleep that comes after practice&#8221;.<\/p>\n<p><span><img decoding=\"async\" alt=\"\" data-id=\"145\" data-init-width=\"2560\" data-init-height=\"1881\" title=\"20230120_Milana_Yoga_Team_DSC00408\" src=\"https:\/\/www.milanayoga.com\/wp\/wp-content\/uploads\/2023\/03\/20230120_Milana_Yoga_Team_DSC00408-scaled.jpg\" data-width=\"381\" style=\"aspect-ratio: auto 2560 \/ 1881;\" width=\"381\" height=\"1881\" loading=\"lazy\"><\/span><\/p>\n<p style=\"\">\u200b&#8221;It feels like an hour of shavasana&#8221; we say and hear the pleasant &#8220;aaaach&#8230;&#8221; from practitioners. Relaxation yoga is a restorative ritual during which all healing asanas and nidra meditation (also called &#8220;yogic sleep&#8221;) are performed. We recommend you experience this ritual yourself, because it is impossible to convey all the pleasure in words.<\/p>\n<p><span><img decoding=\"async\" alt=\"\" data-id=\"152\" data-init-width=\"2045\" data-init-height=\"2560\" title=\"20230120_Milana_Yoga_Team_IMGP6040-2\" src=\"https:\/\/www.milanayoga.com\/wp\/wp-content\/uploads\/2023\/03\/20230120_Milana_Yoga_Team_IMGP6040-2-scaled.jpg\" data-width=\"381\" style=\"aspect-ratio: auto 2045 \/ 2560;\" width=\"381\" height=\"2560\" loading=\"lazy\"><\/span><\/p>\n<p style=\"\">\u200bWhat does barre mean?<\/p>\n<p style=\"\">\u200bThe meaning of the French word barre is &#8220;stick&#8221; and in this context it means a support of a horizontal position, adjusted at a special height, which makes it easier to maintain balance during exercises. Half of the practice time is dedicated to strengthen and train the lower body at these supports. The other half of the workout is done on mats, often with additional equipment such as weights, soft balls, elastic bands, etc. At this stage, more attention is paid to strengthening the upper part of the body, especially the core muscles.<\/p>\n<p><span><img decoding=\"async\" alt=\"\" data-id=\"172\" data-init-width=\"1920\" data-init-height=\"1910\" title=\"image00001\" src=\"https:\/\/www.milanayoga.com\/wp\/wp-content\/uploads\/2023\/03\/image00001.jpeg\" data-width=\"381\" style=\"aspect-ratio: auto 1920 \/ 1910;\" width=\"381\" height=\"1910\" loading=\"lazy\"><\/span><\/p>\n<p style=\"\">\u200bLunch break at work can be a unique experience. Instead of a heavy lunch and drowsiness, let\u2019s practice restorative and focusing Noon yoga and enjoy healthy, filling smoothy instead. One hour of full focus on your wellness, restoring strength, attentiveness and bright mind. After this yoga practice, a second new day dawns, in which you will once again go through your day harmoniously after balancing yourself.<\/p>\n<h2 style=\"text-align: center;\">\u200b200 h Yoga Teacher Training<\/h2>\n<p><span><img decoding=\"async\" alt=\"\" data-id=\"196\" data-init-width=\"520\" data-init-height=\"580\" title=\"image-22\" src=\"https:\/\/www.milanayoga.com\/wp\/wp-content\/uploads\/2023\/03\/image-22.png\" data-width=\"282\" width=\"282\" height=\"580\" style=\"aspect-ratio: auto 520 \/ 580;\" loading=\"lazy\"><\/span><\/p>\n<p style=\"text-align: center;\">\u200bIntegrate the philosophy of yoga into your daily life<\/p>\n<p><span><img decoding=\"async\" alt=\"\" data-id=\"197\" data-init-width=\"520\" data-init-height=\"580\" title=\"image-23\" src=\"https:\/\/www.milanayoga.com\/wp\/wp-content\/uploads\/2023\/03\/image-23.png\" data-width=\"283\" width=\"283\" height=\"580\" style=\"aspect-ratio: auto 520 \/ 580;\" loading=\"lazy\"><\/span><\/p>\n<p style=\"text-align: center;\">\u200bLearntoTeach!<\/p>\n<p><span><img decoding=\"async\" alt=\"\" data-id=\"198\" data-init-width=\"520\" data-init-height=\"582\" title=\"image-24\" src=\"https:\/\/www.milanayoga.com\/wp\/wp-content\/uploads\/2023\/03\/image-24.png\" data-width=\"283\" width=\"283\" height=\"582\" style=\"aspect-ratio: auto 520 \/ 582;\" loading=\"lazy\"><\/span><\/p>\n<p style=\"text-align: center;\">\u200bBegin your new meaningful chapter of the life<\/p>\n<p><span><img decoding=\"async\" alt=\"\" data-id=\"160\" data-init-width=\"122\" data-init-height=\"122\" title=\"Ellipse-98\" src=\"\/\/www.milanayoga.com\/wp\/wp-content\/uploads\/2023\/03\/Ellipse-98.png\" data-width=\"66\" style=\"aspect-ratio: auto 122 \/ 122;\" width=\"66\" height=\"122\" loading=\"lazy\"><\/span><\/p>\n<p style=\"text-align: left;\">\u200bYoga AllianceCertified<\/p>\n<p style=\"text-align: center;\">\u200bAutumn cohort<\/p>\n<p style=\"text-align: center; font-size: 16px !important;\">\u200bYoga Teacher Training, 2023 Autumn cohort (September 2nd).<\/p>\n<h2 style=\"text-align: center;\">200 val.jogosmokytoj\u0173kursai<\/h2>\n<p><span><img decoding=\"async\" alt=\"\" data-id=\"160\" data-init-width=\"122\" data-init-height=\"122\" title=\"Ellipse-98\" src=\"\/\/www.milanayoga.com\/wp\/wp-content\/uploads\/2023\/03\/Ellipse-98.png\" data-width=\"64\" style=\"aspect-ratio: auto 122 \/ 122;\" width=\"64\" height=\"122\" loading=\"lazy\"><\/span><\/p>\n<p style=\"text-align: left;\">SertifikatasYoga Alliance<\/p>\n<p style=\"text-align: center;\">Rudensnauja grup\u0117<\/p>\n<p style=\"text-align: center; font-size: 16px !important;\">Jogos mokytoj\u0173 kursai, 2023 met\u0173ruden\u012f (rugs\u0117jo 2 d.).<\/p>\n<p><span><img decoding=\"async\" alt=\"\" data-id=\"196\" title=\"image-22\" src=\"https:\/\/www.milanayoga.com\/wp\/wp-content\/uploads\/2023\/03\/image-22.png\" data-src=\"https:\/\/www.milanayoga.com\/wp\/wp-content\/uploads\/2023\/03\/image-22-269x300.png\" data-sizes=\"{&quot;thumbnail&quot;:{&quot;height&quot;:150,&quot;width&quot;:150,&quot;url&quot;:&quot;https:\/\/www.milanayoga.com\/wp\/wp-content\/uploads\/2023\/03\/image-22-150x150.png&quot;,&quot;orientation&quot;:&quot;landscape&quot;},&quot;medium&quot;:{&quot;height&quot;:300,&quot;width&quot;:269,&quot;url&quot;:&quot;https:\/\/www.milanayoga.com\/wp\/wp-content\/uploads\/2023\/03\/image-22-269x300.png&quot;,&quot;orientation&quot;:&quot;portrait&quot;},&quot;full&quot;:{&quot;url&quot;:&quot;https:\/\/www.milanayoga.com\/wp\/wp-content\/uploads\/2023\/03\/image-22.png&quot;,&quot;height&quot;:580,&quot;width&quot;:520,&quot;orientation&quot;:&quot;portrait&quot;}}\" width=\"520\" height=\"580\" loading=\"lazy\"><\/span><\/p>\n<p data-selector=\"[data-css=&quot;tve-u-188682ee52f&quot;] .wp-caption-text.thrv-inline-text\" style=\"\"> Integruosi jogos filosofij\u0105 savo kokybi\u0161kesnei kasdienai  <\/p>\n<p><span><img decoding=\"async\" alt=\"\" data-id=\"197\" title=\"image-23\" src=\"https:\/\/www.milanayoga.com\/wp\/wp-content\/uploads\/2023\/03\/image-23.png\" data-src=\"https:\/\/www.milanayoga.com\/wp\/wp-content\/uploads\/2023\/03\/image-23-269x300.png\" data-sizes=\"{&quot;thumbnail&quot;:{&quot;height&quot;:150,&quot;width&quot;:150,&quot;url&quot;:&quot;https:\/\/www.milanayoga.com\/wp\/wp-content\/uploads\/2023\/03\/image-23-150x150.png&quot;,&quot;orientation&quot;:&quot;landscape&quot;},&quot;medium&quot;:{&quot;height&quot;:300,&quot;width&quot;:269,&quot;url&quot;:&quot;https:\/\/www.milanayoga.com\/wp\/wp-content\/uploads\/2023\/03\/image-23-269x300.png&quot;,&quot;orientation&quot;:&quot;portrait&quot;},&quot;full&quot;:{&quot;url&quot;:&quot;https:\/\/www.milanayoga.com\/wp\/wp-content\/uploads\/2023\/03\/image-23.png&quot;,&quot;height&quot;:580,&quot;width&quot;:520,&quot;orientation&quot;:&quot;portrait&quot;}}\" width=\"520\" height=\"580\" loading=\"lazy\"><\/span><\/p>\n<p data-selector=\"[data-css=&quot;tve-u-188682ee52f&quot;] .wp-caption-text.thrv-inline-text\" style=\"\">I\u0161moksi mokinti!<\/p>\n<p><span><img decoding=\"async\" alt=\"\" data-id=\"198\" title=\"image-24\" src=\"https:\/\/www.milanayoga.com\/wp\/wp-content\/uploads\/2023\/03\/image-24.png\" data-src=\"https:\/\/www.milanayoga.com\/wp\/wp-content\/uploads\/2023\/03\/image-24-268x300.png\" data-sizes=\"{&quot;thumbnail&quot;:{&quot;height&quot;:150,&quot;width&quot;:150,&quot;url&quot;:&quot;https:\/\/www.milanayoga.com\/wp\/wp-content\/uploads\/2023\/03\/image-24-150x150.png&quot;,&quot;orientation&quot;:&quot;landscape&quot;},&quot;medium&quot;:{&quot;height&quot;:300,&quot;width&quot;:268,&quot;url&quot;:&quot;https:\/\/www.milanayoga.com\/wp\/wp-content\/uploads\/2023\/03\/image-24-268x300.png&quot;,&quot;orientation&quot;:&quot;portrait&quot;},&quot;full&quot;:{&quot;url&quot;:&quot;https:\/\/www.milanayoga.com\/wp\/wp-content\/uploads\/2023\/03\/image-24.png&quot;,&quot;height&quot;:582,&quot;width&quot;:520,&quot;orientation&quot;:&quot;portrait&quot;}}\" width=\"520\" height=\"582\" loading=\"lazy\"><\/span><\/p>\n<p data-selector=\"[data-css=&quot;tve-u-188682ee52f&quot;] .wp-caption-text.thrv-inline-text\" style=\"\">Prad\u0117si nauj\u0105 prasmingo gyvenimo etap\u0105<\/p>\n<h2 style=\"text-align: left;\">\u200bTeachers<\/h2>\n<p><a href=\"#\" style=\"\"><span style=\"\"><span style=\"\">Milana Ja\u0161inskyt\u0117<\/span><\/span><\/a><a href=\"#\" style=\"\"><span style=\"\"><span style=\"\">Mindaugas Rainys<\/span><\/span><\/a><a href=\"#\" style=\"\"><span style=\"\"><span style=\"\">Gintar\u0117 Bukyt\u0117<\/span><\/span><\/a><a href=\"#\" style=\"\"><span style=\"\"><span style=\"\">Ieva Riep\u0161ait\u0117<\/span><\/span><\/a><a href=\"#\" style=\"\"><span style=\"\"><span style=\"\">Gr\u0117t\u0117 Mechono\u0161ina <\/span><\/span><\/a><\/p>\n<p style=\"font-size: 16px !important;\">\u200bMilana Ja\u0161inskyt\u0117 &#8211; I am a founder of Milana Yoga studio and spiritual intelligence coach. I design holistic educational programs and train teachers to serve within and outside the studio space. In 2015, I became a yoga teacher in California, Santa Cruz. Since then I travel the world for yoga, learn, practice, integrate, design and most importantly educate everyone willing to study themselves in a yoga setting.<\/p>\n<p style=\"font-size: 16px !important;\">Teachers: Mark Stephens, MA Shiva Rea, Elena Brower, Dr. B. Alan Wallace, Dr. Eve Ekman, Ala Tamulien\u0117, Suzanne Scurlock.Expect beautiful integrations of emotional intelligence, neuroscience, psychology, and spiritual intelligence in the class.<\/p>\n<p><span><img decoding=\"async\" alt=\"\" data-id=\"143\" data-init-width=\"2560\" data-init-height=\"2432\" title=\"20230120_Milana_Yoga_Jasinskyte\" src=\"https:\/\/www.milanayoga.com\/wp\/wp-content\/uploads\/2023\/03\/20230120_Milana_Yoga_Jasinskyte-scaled.jpg\" data-width=\"337\" style=\"aspect-ratio: auto 2560 \/ 2432;\" width=\"337\" height=\"2432\" loading=\"lazy\"><\/span><\/p>\n<p style=\"\">\u200bYoga Alliance certified teacher, offering classes at Milana Yoga for six years. <\/p>\n<p style=\"\">\u200b&#8221;It is important to me that the person participating in the session, regardless of his\/her preparation, experiences the pleasure of yoga. Yoga has the magical power to let go of all anxiety and enjoy ease.&#8221; <\/p>\n<p style=\"\">Each lesson is a surprise of discovery, experienced through breath, music and movement.<\/p>\n<p><span style=\"\"><img decoding=\"async\" alt=\"\" data-id=\"216\" data-init-width=\"1707\" data-init-height=\"2560\" title=\"Mindaugas_Rainys_Milana_Yoga\" src=\"https:\/\/www.milanayoga.com\/wp\/wp-content\/uploads\/2023\/03\/Mindaugas_Rainys_Milana_Yoga-scaled.jpg\" data-width=\"337\" style=\"aspect-ratio: auto 1707 \/ 2560;\" ml-d=\"-1.3500000000000227\" width=\"337\" height=\"2560\" loading=\"lazy\"><\/span><\/p>\n<p style=\"\">\u200bMilana Yoga studio, Yoga Teacher Training 200 h. 2020, Lietuva (Yoga Alliance, JAV) BODYBARRE\u00ae , barre method Teacher Training 2021, JAV CamiYoga school, aerial yoga teacher training 50 h. 2021, Lithuania (Yoga Alliance, JAV) Barre and yoga classes &#8211; inspired by nature, simple and cozy.<\/p>\n<p><span><img decoding=\"async\" alt=\"\" data-id=\"240\" data-init-width=\"1345\" data-init-height=\"1606\" title=\"milana-tean-e1677596836921\" src=\"https:\/\/www.milanayoga.com\/wp\/wp-content\/uploads\/2023\/03\/milana-tean-e1677596836921.jpg\" data-width=\"337\" style=\"aspect-ratio: auto 1345 \/ 1606;\" width=\"337\" height=\"1606\" loading=\"lazy\"><\/span><\/p>\n<p>\u200bExperienced Dance teacher, participant and winner of many television projects. <\/p>\n<p>Since 2021 Milana Yoga certified teacher. &#8220;Until now, my whole world was dance, but thanks to Milana Ja\u0161inskyt\u0117, I discovered a different way to move my body, which brings me peace through breathing, meditation and turning inward. This was yoga. <\/p>\n<p>I felt that I wanted to share it with others.&#8221; Gentle and calm practices on Sunday evenings with Ieva will be a bliss. It is exactly what you need after a long and busy week. For everyone who wants to stop for a while and forget the rush.<\/p>\n<p><span><img decoding=\"async\" alt=\"\" data-id=\"151\" data-init-width=\"2138\" data-init-height=\"2560\" title=\"20230120_Milana_Yoga_Team_IMGP5954-2\" src=\"https:\/\/www.milanayoga.com\/wp\/wp-content\/uploads\/2023\/03\/20230120_Milana_Yoga_Team_IMGP5954-2-scaled.jpg\" data-width=\"337\" style=\"aspect-ratio: auto 2138 \/ 2560;\" width=\"337\" height=\"2560\" loading=\"lazy\"><\/span><\/p>\n<p style=\"\">\u200bMilana Yoga is a certified teacher. <\/p>\n<p style=\"\">The yoga classes she guides are cozy and awakening. <\/p>\n<p style=\"\">&#8220;Right now I feel that I am where I need to be. My lessons are gentle but dynamic, I pay great attention to the harmony of breathing and movement. <\/p>\n<p style=\"\">Yoga for me is like a date with myself, to which I invite you too.&#8221;<\/p>\n<p><span><img decoding=\"async\" alt=\"\" data-id=\"173\" data-init-width=\"2382\" data-init-height=\"2560\" title=\" Gr\u0117t\u0117 Mechono\u0161ina\" src=\"https:\/\/www.milanayoga.com\/wp\/wp-content\/uploads\/2023\/03\/image00002-scaled.jpeg\" data-width=\"337\" style=\"aspect-ratio: auto 2382 \/ 2560;\" width=\"337\" height=\"362\" loading=\"lazy\" data-height=\"362\"><\/span>       <\/p>\n<h2 style=\"\"><span data-attr-link=\"0\" data-attr-rel=\"0\" data-attr-target=\"0\" data-extra_key=\"\" data-option-inline=\"1\" data-shortcode=\"tcb_post_title\" data-shortcode-name=\"Post title\">Pirmas Puslapis<\/span><\/h2>\n<p style=\"font-size: var(--tve-font-size, 14px);\"><span data-attr-id=\"acf_renginio_menuo\" data-extra_key=\"CFP\" data-option-inline=\"1\" data-shortcode=\"tcb_post_custom_field\" data-shortcode-name=\"[Custom Fields] Renginio m\u0117nuo\">[Custom Fields] acf_renginio_menuo<\/span> <span data-attr-id=\"acf_renginio_diena\" data-extra_key=\"CFP\" data-option-inline=\"1\" data-shortcode=\"tcb_post_custom_field\" data-shortcode-name=\"[Custom Fields] Renginio diena\">[Custom Fields] acf_renginio_diena<\/span> <span>d.<\/span>&nbsp;<\/p>\n<p style=\"font-size: var(--tve-font-size, 14px);\"><span data-attr-id=\"acf_organizatorius\" data-extra_key=\"CFP\" data-option-inline=\"1\" data-shortcode=\"tcb_post_custom_field\" data-shortcode-name=\"[Custom Fields] Renginio organizatorius\">[Custom Fields] acf_organizatorius<\/span><\/p>\n<p style=\"\"><span data-attr-id=\"acf_renginio_trumpas_aprasymas\" data-extra_key=\"CFP\" data-option-inline=\"1\" data-shortcode=\"tcb_post_custom_field\" data-shortcode-name=\"[Custom Fields] Renginio trumpas apra\u0161ymas\" style=\"\">[Custom Fields] acf_renginio_trumpas_aprasymas<\/span><\/p>\n<p> __CONFIG_colors_palette__{&#8220;active_palette&#8221;:0,&#8221;config&#8221;:{&#8220;colors&#8221;:{&#8220;62516&#8221;:{&#8220;name&#8221;:&#8221;Main Accent&#8221;,&#8221;parent&#8221;:-1}},&#8221;gradients&#8221;:[]},&#8221;palettes&#8221;:[{&#8220;name&#8221;:&#8221;Default Palette&#8221;,&#8221;value&#8221;:{&#8220;colors&#8221;:{&#8220;62516&#8221;:{&#8220;val&#8221;:&#8221;var(&#8211;tcb-skin-color-0)&#8221;}},&#8221;gradients&#8221;:[]}}]}__CONFIG_colors_palette__ <a href=\"[thrive_postlist_custom_fields_shortcode_url id=acf_renginio_registracijos_nuoroda]\" tabindex=\"0\" style=\"\" target=\"_blank\" data-shortcode-id=\"acf_renginio_registracijos_nuoroda\" data-dynamic-link=\"thrive_postlist_custom_fields_shortcode_url\" rel=\"noopener\"> <span style=\"\"><span style=\"\">Registruotis<\/span><\/span> <\/a>     <\/p>\n<h2 style=\"text-align: center; line-height: 1em !important;\">\u200bSubscribe fornurturing letters<\/h2>\n","protected":false},"excerpt":{"rendered":"<p>\u200bNurturing space for a better daily living Milana Yoga \u200bCertified YogaSchool \u200bMilana Yoga is a safe and inclusive space that elevates harmony, healthy body, emotional awareness and simply, a better daily living. \u200bMilana Yoga is a lifestyle that will inspire you to practice taking time for yourself in the most nurturing way through the care [&hellip;]<\/p>\n","protected":false},"author":5,"featured_media":0,"parent":0,"menu_order":0,"comment_status":"closed","ping_status":"closed","template":"","meta":{"_acf_changed":false,"footnotes":""},"class_list":["post-2142","page","type-page","status-publish","hentry","post-wrapper","thrv_wrapper"],"acf":[],"aioseo_notices":[],"_links":{"self":[{"href":"https:\/\/www.milanayoga.com\/en\/wp-json\/wp\/v2\/pages\/2142","targetHints":{"allow":["GET"]}}],"collection":[{"href":"https:\/\/www.milanayoga.com\/en\/wp-json\/wp\/v2\/pages"}],"about":[{"href":"https:\/\/www.milanayoga.com\/en\/wp-json\/wp\/v2\/types\/page"}],"author":[{"embeddable":true,"href":"https:\/\/www.milanayoga.com\/en\/wp-json\/wp\/v2\/users\/5"}],"replies":[{"embeddable":true,"href":"https:\/\/www.milanayoga.com\/en\/wp-json\/wp\/v2\/comments?post=2142"}],"version-history":[{"count":0,"href":"https:\/\/www.milanayoga.com\/en\/wp-json\/wp\/v2\/pages\/2142\/revisions"}],"wp:attachment":[{"href":"https:\/\/www.milanayoga.com\/en\/wp-json\/wp\/v2\/media?parent=2142"}],"curies":[{"name":"wp","href":"https:\/\/api.w.org\/{rel}","templated":true}]}}